{"id":572,"date":"2021-06-18T06:33:33","date_gmt":"2021-06-18T06:33:33","guid":{"rendered":"http:\/\/presse-regionale-archives.com\/?page_id=572"},"modified":"2022-04-01T15:17:14","modified_gmt":"2022-04-01T15:17:14","slug":"home","status":"publish","type":"page","link":"https:\/\/presse-regionale-archives.com\/","title":{"rendered":"Une nouvelle t\u00eate \u00e0 l&#8217;Apel"},"content":{"rendered":"\n<figure class=\"wp-block-image size-full\"><img loading=\"lazy\" decoding=\"async\" width=\"313\" height=\"313\" src=\"https:\/\/presse-regionale-archives.com\/wp-content\/uploads\/2022\/01\/image-1.png\" alt=\"\" class=\"wp-image-693\" srcset=\"https:\/\/presse-regionale-archives.com\/wp-content\/uploads\/2022\/01\/image-1.png 313w, https:\/\/presse-regionale-archives.com\/wp-content\/uploads\/2022\/01\/image-1-300x300.png 300w, https:\/\/presse-regionale-archives.com\/wp-content\/uploads\/2022\/01\/image-1-150x150.png 150w\" sizes=\"auto, (max-width: 313px) 100vw, 313px\" \/><\/figure>\n\n\n\n<p><\/p>\n\n\n\n<p class=\"has-large-font-size\"><strong>Une nouvelle t\u00eate \u00e0 l&#8217;Apel<\/strong><\/p>\n\n\n\n<p><em>Depuis la rentr\u00e9e derni\u00e8re<a href=\"http:\/\/franceempire-auteur-revuepresse.com\/index.php\/france-empire-revue-de-presse-4\/\" title=\", Rapha\u00ebl Vongsuravatana\">,<\/a><span style=\"text-decoration: underline;\"><a href=\"http:\/\/assembleenationale-amitiefrancethailande.digital\/\" title=\" Rapha\u00ebl Vongsuravatana\"> Rapha\u00ebl Vongsuravatana<\/a><\/span><a href=\"http:\/\/franceempire-auteur-revuepresse.com\/index.php\/france-empire-revue-de-presse-4\/\" title=\" Rapha\u00ebl Vongsuravatana \"> <\/a>est pr\u00e9sident de l\u2019Association des Parents d&#8217;El\u00e8ves de l&#8217;Enseignement libre d\u00e9partementale.<\/em><\/p>\n\n\n\n<p><em> Rencontre.<\/em><\/p>\n\n\n\n<p class=\"has-text-align-right\">Par Marie-Paul Finoux, 1 JANVIER 2010<strong><br><\/strong><\/p>\n\n\n\n<p class=\"has-drop-cap\">  <a href=\"http:\/\/franceempire-auteur-revuepresse.com\/index.php\/france-empire-revue-de-presse-4\/\" title=\" Rapha\u00ebl Vongsuravatana\"> <\/a><span style=\"text-decoration: underline;\"><a href=\"http:\/\/assembleenationale-amitiefrancethailande.digital\/\" title=\"Rapha\u00ebl Vongsuravatana\"><strong>R<\/strong>apha\u00ebl Vongsuravatana<\/a><\/span><a href=\"http:\/\/franceempire-auteur-revuepresse.com\/index.php\/france-empire-revue-de-presse-4\/\" target=\"_blank\" rel=\"noreferrer noopener\" title=\"Rapha\u00ebl Vongsuravatana \"> <\/a>est viticulteur \u00e0 Saint-\u00c9milion. Pourtant quand on regarde son parcours universitaire, ce n&#8217;est pas le premier m\u00e9tier qui vient \u00e0 l&#8217;esprit&#8230;<\/p>\n\n\n\n<p>\u00a0\u00a0 Sp\u00e9cialiste de l&#8217;histoire des missions religieuses au XVII<sup>e<\/sup> si\u00e8cle [1], il enseigne cette discipline et est devenu viticulteur par la force des choses: il participe \u00e0 l&#8217;exploitation familiale et vit ainsi sa deuxi\u00e8me passion: le vin. \u00ab\u00a0<em>Mon <\/em><em>p\u00e8re est <\/em><em>Tha\u00eflandais, <\/em>explique-t-il, <em>mes <\/em><em>parents <\/em>sont <em>arriv\u00e9s \u00e0 Bor<\/em><em>deaux<\/em> <em>avan<\/em><em>t <\/em><em>ma naissance et j&#8217;ai v\u00e9cu<\/em> <em>sur <\/em><em>les deux <\/em><em>cultures<\/em><em>. <\/em><em>Ce pays <\/em><em>est en<\/em> <em>grande difficult\u00e9 <\/em><em>politique.<\/em><em>&#8220;<\/em><\/p>\n\n\n\n<p>&nbsp;&nbsp; Rapha\u00ebl Vongsuravatana a toujours choisi de s&#8217;engager, notamment dans l&#8217;humanitaire \u00e0 l&#8217;\u00e2ge o\u00f9 d&#8217;autres sortent avec les copains. <em>\u00ab&nbsp;A la <\/em><em>fin de<\/em> <em>mes <\/em><em>\u00e9t<\/em><em>udes, <\/em>raconte-t-il, <em>je <\/em>suis <em>parti<\/em><em> six<\/em> <em>mois par <\/em><em>an pendant <\/em><em>cinq <\/em><em>ans en<\/em> <em>T<\/em><em>h<\/em><em>a\u00eflande<\/em><em>. <\/em><em>J&#8217;ai <\/em><em>suivi <\/em><em>ma <\/em><em>scolarit\u00e9 <\/em><em>\u00e0<\/em> <em>T<\/em><em>ivo<\/em><em>l<\/em><em>i <\/em><em>qui encourage l\u2019engagement humanitaire <\/em><em>des <\/em><em>jeunes. <\/em><em>Entre <\/em><em>le <\/em><em>lyc\u00e9e <\/em><em>et le <\/em><em>Centre <\/em><em>S\u00e8vres, les <\/em><em>J\u00e9sui<\/em><em>tes sont tr\u00e8s <\/em><em>formateurs en mati\u00e8re<\/em><em> <\/em><em>de <\/em><em>mi<\/em><em>ssion.&nbsp;\u00bb <\/em>Entre 1993 et 1997,donc, Rapha\u00ebl Vongsuravatana se<em> <\/em>rend utile dans des camps de r\u00e9fugi\u00e9s<em> <\/em>tha\u00eflandais: \u00ab&nbsp;<em>J&#8217;\u00e9tais <\/em><em>dans un orphe<\/em><em>linat sp\u00e9cialis\u00e9 <\/em><em>dans <\/em><em>l&#8217;accueil des enfants <\/em><em>dont <\/em><em>les <\/em><em>parents \u00e9taient <\/em><em>morts du <\/em><em>Sida<\/em><em>. <\/em><em>Ce fut un <\/em><em>choc <\/em><em>au d\u00e9part mais<\/em><em> <\/em><em>j&#8217;ai <\/em><em>tr<\/em><em>\u00e8s <\/em><em>vite <\/em><em>trouv\u00e9 ma place<\/em><em>. <\/em><em>J&#8217;avais<\/em><em> <\/em><em>un <\/em><em>r<\/em><em>\u00f4<\/em><em>le <\/em><em>d&#8217;e<\/em><em>nseignemen<\/em><em>t de <\/em><em>l&#8217;<\/em><em>anglais,<\/em><em> d&#8217;intendance&#8230; <\/em><em>Je participais \u00e0 <\/em><em>la <\/em><em>vie<\/em><em> <\/em><em>des <\/em><em>enfants <\/em><em>comme un <\/em><em>grand fr\u00e8re.<\/em><em> Aujourd&#8217;hui, je suis <\/em><em>toujours <\/em><em>en <\/em><em>lien<\/em><em> avec ces <\/em><em>orphelinats<\/em><em>. <\/em><em>L<\/em><em>a <\/em><em>crise <\/em><em>\u00e9conomique<\/em><em> les <\/em><em>a mis aux abois <\/em><em>car <\/em><em>les dons<\/em><em> qui les faisaient vivre se <\/em><em>sont r\u00e9duits<\/em><em> au <\/em><em>strict <\/em><em>n\u00e9cessaire.&nbsp;\u00bb<\/em><\/p>\n\n\n\n<p>&nbsp;&nbsp; Apr\u00e8s Tivoli, Rapha\u00ebl \\\/ongsuravatana entre au lyc\u00e9e Henri IV de Paris pour suivre hypokh\u00e2gne et kh\u00e2gne, puis fait parall\u00e8lement une ma\u00eetrise d&#8217;histoire \u00e0 la Sorbonne, une maitrise \u00e8s arts et une licence en th\u00e9ologie \u00e0 la Catho et un dipl\u00f4me universitaire de langues et civilisations orientales. Depuis 1993, il est \u00e0 Bordeaux, d&#8217;abord pour pr\u00e9parer un DEA d&#8217;histoire \u00e0 Bordeaux 3, puis en tant qu&#8217;enseignant-chercheur. Entre 1994 et 1997, il a fait un doctorat d&#8217;histoire \u00e0 l&#8217;universit\u00e9 de Bangkok, en Thailande.<\/p>\n\n\n\n<p>&nbsp;&nbsp; Devenu parent en 1999, Rapha\u00ebl Vongsuravatana s&#8217;investit tout naturellement dans l&#8217;association de parents d&#8217;\u00e9l\u00e8ves de l&#8217;Assomption, \u00e0 Bordeaux, dont il devient le pr\u00e9sident entre 2006 et 2008.<\/p>\n\n\n\n<div class=\"wp-block-image is-style-default\"><figure class=\"alignright size-full\"><img loading=\"lazy\" decoding=\"async\" width=\"807\" height=\"1024\" src=\"https:\/\/presse-regionale-archives.com\/wp-content\/uploads\/2022\/02\/Raphael-Vongsuravatana-Courrier-Francais.jpg\" alt=\"\" class=\"wp-image-710\" srcset=\"https:\/\/presse-regionale-archives.com\/wp-content\/uploads\/2022\/02\/Raphael-Vongsuravatana-Courrier-Francais.jpg 807w, https:\/\/presse-regionale-archives.com\/wp-content\/uploads\/2022\/02\/Raphael-Vongsuravatana-Courrier-Francais-236x300.jpg 236w, https:\/\/presse-regionale-archives.com\/wp-content\/uploads\/2022\/02\/Raphael-Vongsuravatana-Courrier-Francais-768x975.jpg 768w\" sizes=\"auto, (max-width: 807px) 100vw, 807px\" \/><figcaption><em>Pour Rapha\u00ebl Vongsuravatana, l&#8217;association de parents   d&#8217;\u00e9l\u00e8ves a aussi un r\u00f4le social.<\/em><\/figcaption><\/figure><\/div>\n\n\n\n<p><em>\u00a0\u00a0 \u00ab\u00a0<\/em><em>Marie<\/em><em>&#8211;<\/em><em>Catherine Roques, pr\u00e9<\/em><em>sidente <\/em><em>de <\/em><em>l&#8217;Ape<\/em><em>l Gi<\/em><em>ronde <\/em><em>jusqu&#8217;en<\/em> <em>juin dernier, <\/em><em>avait la qualit\u00e9 de faire<\/em> <em>participer les membres de <\/em><em>son <\/em><em>con<\/em><em>seil<\/em> <em>et de motiver les b\u00e9n\u00e9voles,<\/em> raconte Rapha\u00eal Vongsuravatana. <em>Elle <\/em><em>a ainsi fait \u00e9merger des engagements<\/em><em> <\/em><em>plus pouss\u00e9s. <\/em><em>Pui<\/em><em>s, <\/em><em>elle est<\/em><em> <\/em><em>partie pour d&#8217;autres engagements et<\/em><em> <\/em><em>j&#8217;ai \u00e9t\u00e9 nomm\u00e9 \u00e0 sa <\/em><em>place<\/em><em>. <\/em><em>J&#8217;aime le<\/em><em> <\/em><em>c\u00f4t\u00e9 social et utile de cette mission<\/em><em> <\/em><em>et le fait qu&#8217;on <\/em><em>travaille <\/em><em>beaucoup <\/em><em>en<\/em><em> <\/em><em>\u00e9quipe. Aujourd&#8217;hui, je continue sur la<\/em><em> <\/em><em>lanc\u00e9e de ce qui a \u00e9t\u00e9 pr\u00e9vu en juillet<\/em><em> <\/em><em>dernier<a href=\"#_ftn1\"><strong>[2]<\/strong><\/a>.\u00a0\u00bb<\/em><\/p>\n\n\n\n<p>&nbsp;&nbsp; Les principaux projets de Rapha\u00ebl Vongsuravatana sont de mener \u00e0 bien la sectorisation, &#8220;<em>c&#8217;est-\u00e0-dire l\u2019animation<\/em> <em>des secteurs dans le dioc\u00e8se, qui<\/em> <em>sont au nombre de cinq en Gironde.<\/em> <em>Concr\u00e8tement, deux administrateurs permettent aux parents de mieux <\/em>se<em>connaitre \u00e0 l&#8217;int\u00e9rieur d&#8217;un m\u00eame secteur, de se rencontrer et de faire naitre des initiatives.<\/em>\u00bb Par exemple, le12 janvier prochain, toutes les Apel se retrouveront en secteur.<\/p>\n\n\n\n<p>&nbsp;&nbsp; Bien \u00e9videmment, les grands projets p\u00e9rennes, comme le Tremplin pour un m\u00e9tier, se poursuivent: <em>\u00ab&nbsp;Nous<\/em><em> avions mis en place une nouvelle formule<\/em> <em>l&#8217;ann\u00e9e <\/em><em>derni\u00e8re qui permettait <\/em><em>aux <\/em><em>\u00e9l\u00e8ves <\/em>et <em>aux parents de rencontrer les professionnels&nbsp;; nous avons \u00e9tabli des partenariats avec des organismes cr\u00e9\u00e9s par le nouveau secr\u00e9taire g\u00e9n\u00e9ral.&nbsp;\u00bb<\/em> La rencontre est pr\u00e9vue le 19 mars \u00e0 Saint-Gen\u00e8s, \u00e0 Bordeaux.<\/p>\n\n\n\n<p>&nbsp;&nbsp; Enfin les travaux de la commission pastorale se poursuivent sur la base de textes du Secr\u00e9taire g\u00e9n\u00e9ral sur l\u2019annonce explicite de l\u2019Evangile et la modernisation, un travail qui se fait au niveau national.&nbsp; Sur le plan dioc\u00e9sain <em>\u00abnous avons un projet d\u2019ateliers, en lien avec l\u2019Institut Pey-Berland, toujours pour susciter du dialogue, sur le th\u00e8me <\/em>Que sont nos valeurs devenues&nbsp;?<em>&nbsp;\u00bb<\/em>, pr\u00e9cise Rapha\u00ebl Vongsuravatana. Cela se concr\u00e9tisera par trois soir\u00e9es, dans trois \u00e9tablissements, au d\u00e9but 2010 qui permettront aux parents de se rencontrer, d\u2019\u00e9changer, d\u2019identifier la question\u2026 Ensuite ils seront invit\u00e9s \u00e0 poursuivre ensemble le d\u00e9bat, le 10 mars au Centre Beaulieu, \u00e0 Bordeaux.<\/p>\n\n\n\n<p><em>&nbsp;&nbsp; \u00ab&nbsp;Nous mettons \u00e9galement en place des statuts types pour les \u00e9tablissements, <\/em>continue Rapha\u00ebl Vongsuravatana. <em>Notre objectif est d\u2019\u00e9tablir une unit\u00e9 parmi les diverses associations des \u00e9tablissements. Toutes sont satisfaites de cette nouvelle lisibilit\u00e9 et les nouveaux parents comprennent plus vite comment nous fonctionnons. Cela induit un \u00e9lan nouveau.&nbsp;\u00bb<\/em><\/p>\n\n\n\n<p><strong>Marie-Paul FINOUX<\/strong><strong><\/strong><\/p>\n\n\n\n<hr class=\"wp-block-separator\"\/>\n\n\n\n<p><a href=\"#_ftnref1\">[1]<\/a> Il est l&#8217;auteur en 1992 d&#8217;un ouvrage couronn\u00e9 du prix Auguste Pavie et par l&#8217;Acad\u00e9mie des Sciences d&#8217;Outre-Mer: <em><a href=\"http:\/\/franceempire-auteur-revuepresse.com\/index.php\/france-empire-revue-de-presse-4\/\" title=\"Un j\u00e9suite \u00e0 la cour de Siam\"><span style=\"text-decoration: underline;\">Un j\u00e9suite \u00e0 la cour de Siam<\/span><\/a><\/em>, Paris, France-Empire, 1992.<\/p>\n\n\n\n<p>[2] <em>En juillet dernier a eu lieu l\u2019assembl\u00e9e g\u00e9n\u00e9rale de l\u2019association.<\/em><\/p>\n","protected":false},"excerpt":{"rendered":"<p>Une nouvelle t\u00eate \u00e0 l&#8217;Apel Depuis la rentr\u00e9e derni\u00e8re, Rapha\u00ebl Vongsuravatana est pr\u00e9sident de l\u2019Association des Parents d&#8217;El\u00e8ves de l&#8217;Enseignement libre d\u00e9partementale. Rencontre. Par Marie-Paul Finoux, 1 JANVIER 2010 Rapha\u00ebl Vongsuravatana est viticulteur \u00e0 Saint-\u00c9milion. Pourtant quand on regarde son parcours universitaire, ce n&#8217;est pas le premier m\u00e9tier qui vient \u00e0 l&#8217;esprit&#8230; \u00a0\u00a0 Sp\u00e9cialiste de &hellip;<\/p>\n<p class=\"read-more\"> <a class=\"\" href=\"https:\/\/presse-regionale-archives.com\/\"> <span class=\"screen-reader-text\">Une nouvelle t\u00eate \u00e0 l&#8217;Apel<\/span> Read More &raquo;<\/a><\/p>\n","protected":false},"author":1,"featured_media":0,"parent":0,"menu_order":0,"comment_status":"closed","ping_status":"closed","template":"","meta":{"om_disable_all_campaigns":false,"_monsterinsights_skip_tracking":false,"_monsterinsights_sitenote_active":false,"_monsterinsights_sitenote_note":"","_monsterinsights_sitenote_category":0,"site-sidebar-layout":"no-sidebar","site-content-layout":"plain-container","ast-main-header-display":"","ast-hfb-above-header-display":"","ast-hfb-below-header-display":"","ast-hfb-mobile-header-display":"","site-post-title":"disabled","ast-breadcrumbs-content":"disabled","ast-featured-img":"disabled","footer-sml-layout":"","theme-transparent-header-meta":"enabled","adv-header-id-meta":"","stick-header-meta":"","header-above-stick-meta":"","header-main-stick-meta":"","header-below-stick-meta":"","footnotes":""},"class_list":["post-572","page","type-page","status-publish","hentry"],"_links":{"self":[{"href":"https:\/\/presse-regionale-archives.com\/index.php?rest_route=\/wp\/v2\/pages\/572","targetHints":{"allow":["GET"]}}],"collection":[{"href":"https:\/\/presse-regionale-archives.com\/index.php?rest_route=\/wp\/v2\/pages"}],"about":[{"href":"https:\/\/presse-regionale-archives.com\/index.php?rest_route=\/wp\/v2\/types\/page"}],"author":[{"embeddable":true,"href":"https:\/\/presse-regionale-archives.com\/index.php?rest_route=\/wp\/v2\/users\/1"}],"replies":[{"embeddable":true,"href":"https:\/\/presse-regionale-archives.com\/index.php?rest_route=%2Fwp%2Fv2%2Fcomments&post=572"}],"version-history":[{"count":12,"href":"https:\/\/presse-regionale-archives.com\/index.php?rest_route=\/wp\/v2\/pages\/572\/revisions"}],"predecessor-version":[{"id":715,"href":"https:\/\/presse-regionale-archives.com\/index.php?rest_route=\/wp\/v2\/pages\/572\/revisions\/715"}],"wp:attachment":[{"href":"https:\/\/presse-regionale-archives.com\/index.php?rest_route=%2Fwp%2Fv2%2Fmedia&parent=572"}],"curies":[{"name":"wp","href":"https:\/\/api.w.org\/{rel}","templated":true}]}}